{"id":252,"date":"2025-10-14T10:16:20","date_gmt":"2025-10-14T10:16:20","guid":{"rendered":"https:\/\/levelnow.shop\/about\/"},"modified":"2026-01-19T17:22:21","modified_gmt":"2026-01-19T17:22:21","slug":"about","status":"publish","type":"page","link":"https:\/\/levelnow.shop\/hu\/about\/","title":{"rendered":"M\u00e1rk\u00e1r\u00f3l"},"content":{"rendered":"<div data-elementor-type=\"wp-page\" data-elementor-id=\"252\" class=\"elementor elementor-252\">\n\t\t\t\t<div class=\"elementor-element elementor-element-d98598e e-flex e-con-boxed e-con e-parent\" data-id=\"d98598e\" data-element_type=\"container\" data-settings=\"{&quot;background_background&quot;:&quot;classic&quot;}\">\n\t\t\t\t\t<div class=\"e-con-inner\">\n\t\t<div class=\"elementor-element elementor-element-8e35f02 e-con-full e-flex e-con e-child\" data-id=\"8e35f02\" data-element_type=\"container\">\n\t\t<div class=\"elementor-element elementor-element-dc8a5d1 e-con-full e-flex e-con e-child\" data-id=\"dc8a5d1\" data-element_type=\"container\">\n\t\t<div class=\"elementor-element elementor-element-456a062 e-con-full e-flex e-con e-child\" data-id=\"456a062\" data-element_type=\"container\">\n\t\t\t\t<div class=\"elementor-element elementor-element-2c153d6 elementor-widget elementor-widget-heading\" data-id=\"2c153d6\" data-element_type=\"widget\" data-widget_type=\"heading.default\">\n\t\t\t\t<div class=\"elementor-widget-container\">\n\t\t\t\t\t<h1 class=\"elementor-heading-title elementor-size-default\">M\u00e1rk\u00e1r\u00f3l<\/h1>\t\t\t\t<\/div>\n\t\t\t\t<\/div>\n\t\t\t\t<\/div>\n\t\t<div class=\"elementor-element elementor-element-3fd0bca e-con-full e-flex e-con e-child\" data-id=\"3fd0bca\" data-element_type=\"container\">\n\t\t\t\t<div class=\"elementor-element elementor-element-4b0f8cb elementor-widget-divider--view-line elementor-widget elementor-widget-divider\" data-id=\"4b0f8cb\" data-element_type=\"widget\" data-widget_type=\"divider.default\">\n\t\t\t\t<div class=\"elementor-widget-container\">\n\t\t\t\t\t\t\t<div class=\"elementor-divider\">\n\t\t\t<span class=\"elementor-divider-separator\">\n\t\t\t\t\t\t<\/span>\n\t\t<\/div>\n\t\t\t\t\t\t<\/div>\n\t\t\t\t<\/div>\n\t\t\t\t<div class=\"elementor-element elementor-element-6c49450 elementor-widget elementor-widget-hfe-infocard\" data-id=\"6c49450\" data-element_type=\"widget\" data-widget_type=\"hfe-infocard.default\">\n\t\t\t\t<div class=\"elementor-widget-container\">\n\t\t\t\t\t\n\t\t<div class=\"hfe-infocard\">\n\t\t\t\t\t\t\t\t\t<div class=\"hfe-infocard-title-wrap\">\n\t\t\t\t<h3 class=\"hfe-infocard-title elementor-inline-editing\" data-elementor-setting-key=\"infocard_title\" data-elementor-inline-editing-toolbar=\"basic\" >Crafting Design for Over 36 Years<\/h3>\t\t\t<\/div>\n\t\t\t\t\t\t<div class=\"hfe-infocard-text-wrap\">\n\t\t\t\t<div class=\"hfe-infocard-text elementor-inline-editing\" data-elementor-setting-key=\"infocard_description\" data-elementor-inline-editing-toolbar=\"advanced\">\n\t\t\t\t\tT\u00f6bb mint h\u00e1rom \u00e9vtizede dolgozunk f\u00e1val szenved\u00e9llyel, precizit\u00e1ssal \u00e9s m\u00e9ly anyagismerettel. Ami egy hagyom\u00e1nyos asztalosm\u0171helyben indult, m\u00e1ra egy designk\u00f6zpont\u00fa m\u00e1rk\u00e1v\u00e1 form\u00e1l\u00f3dott.\nMinden egyes darab a r\u00e9szletek ir\u00e1nti elk\u00f6telezetts\u00e9g\u00fcnket t\u00fckr\u00f6zi: finoman \u00edvelt form\u00e1k, term\u00e9szetes erezet, az eszt\u00e9tikum \u00e9s a funkcionalit\u00e1s tudatos egyens\u00falya. Tart\u00f3s megold\u00e1sok, amelyek hossz\u00fa t\u00e1vra k\u00e9sz\u00fclnek \u2013 \u00e9s inspir\u00e1lnak.\t\t\t\t<\/div>\n\t\t\t\t\t\t\t<\/div>\n\t\t<\/div>\n\n\t\t\t\t\t\t<\/div>\n\t\t\t\t<\/div>\n\t\t\t\t<\/div>\n\t\t\t\t<\/div>\n\t\t\t\t<div class=\"elementor-element elementor-element-3a07c3a elementor-hidden-desktop elementor-hidden-tablet elementor-widget__width-initial elementor-widget-mobile__width-initial elementor-widget elementor-widget-video\" data-id=\"3a07c3a\" data-element_type=\"widget\" data-settings=\"{&quot;show_image_overlay&quot;:&quot;yes&quot;,&quot;image_overlay&quot;:{&quot;url&quot;:&quot;https:\\\/\\\/levelnow.shop\\\/wp-content\\\/uploads\\\/2021\\\/08\\\/Group-107.jpg&quot;,&quot;id&quot;:&quot;298&quot;,&quot;size&quot;:&quot;&quot;},&quot;autoplay&quot;:&quot;yes&quot;,&quot;play_on_mobile&quot;:&quot;yes&quot;,&quot;mute&quot;:&quot;yes&quot;,&quot;loop&quot;:&quot;yes&quot;,&quot;video_type&quot;:&quot;hosted&quot;}\" data-widget_type=\"video.default\">\n\t\t\t\t<div class=\"elementor-widget-container\">\n\t\t\t\t\t\t\t<div class=\"e-hosted-video elementor-wrapper elementor-open-inline\">\n\t\t\t\t\t<video class=\"elementor-video\" src=\"https:\/\/levelnow.shop\/wp-content\/uploads\/2026\/01\/background.mp4\" autoplay=\"\" loop=\"\" muted=\"muted\" playsinline=\"\" controlslist=\"nodownload\"><\/video>\n\t\t\t\t\t\t<div class=\"elementor-custom-embed-image-overlay\" style=\"background-image: url();\">\n\t\t\t\t\t\t\t\t\t\t\t\t\t\t<\/div>\n\t\t\t\t\t<\/div>\n\t\t\t\t\t\t<\/div>\n\t\t\t\t<\/div>\n\t\t<div class=\"elementor-element elementor-element-e4cd48d e-con-full e-flex e-con e-child\" data-id=\"e4cd48d\" data-element_type=\"container\">\n\t\t<div class=\"elementor-element elementor-element-2dd0a9e e-con-full e-flex e-con e-child\" data-id=\"2dd0a9e\" data-element_type=\"container\">\n\t\t\t\t<div class=\"elementor-element elementor-element-376e3df elementor-widget elementor-widget-heading\" data-id=\"376e3df\" data-element_type=\"widget\" data-widget_type=\"heading.default\">\n\t\t\t\t<div class=\"elementor-widget-container\">\n\t\t\t\t\t<h6 class=\"elementor-heading-title elementor-size-default\">T\u00f6rt\u00e9net\u00fcnk<\/h6>\t\t\t\t<\/div>\n\t\t\t\t<\/div>\n\t\t\t\t<\/div>\n\t\t<div class=\"elementor-element elementor-element-a9c5396 e-con-full e-flex e-con e-child\" data-id=\"a9c5396\" data-element_type=\"container\">\n\t\t\t\t<div class=\"elementor-element elementor-element-fa697a4 elementor-widget elementor-widget-text-editor\" data-id=\"fa697a4\" data-element_type=\"widget\" data-widget_type=\"text-editor.default\">\n\t\t\t\t<div class=\"elementor-widget-container\">\n\t\t\t\t\t\t\t\t\t<p class=\"translation-block\">Csal\u00e1di v\u00e1llalkoz\u00e1sk\u00e9nt indultunk, ahol a hagyom\u00e1nyos faipari tud\u00e1s \u00e9s a folyamatos meg\u00fajul\u00e1s k\u00e9z a k\u00e9zben j\u00e1r. Az \u00e9vek sor\u00e1n az anyagok \u00e9s a design ir\u00e1nti szeretet\u00fcnk olyan kollekci\u00f3k l\u00e9trehoz\u00e1s\u00e1hoz vezetett, amelyek a mindennapi falakat \u00e9l\u0151, karakteres fel\u00fcletekk\u00e9 alak\u00edtj\u00e1k.<\/p>\t\t\t\t\t\t\t\t<\/div>\n\t\t\t\t<\/div>\n\t\t\t\t<div class=\"elementor-element elementor-element-06c9711 elementor-view-default elementor-widget elementor-widget-icon\" data-id=\"06c9711\" data-element_type=\"widget\" data-widget_type=\"icon.default\">\n\t\t\t\t<div class=\"elementor-widget-container\">\n\t\t\t\t\t\t\t<div class=\"elementor-icon-wrapper\">\n\t\t\t<div class=\"elementor-icon\">\n\t\t\t<i aria-hidden=\"true\" class=\"fas fa-quote-left\"><\/i>\t\t\t<\/div>\n\t\t<\/div>\n\t\t\t\t\t\t<\/div>\n\t\t\t\t<\/div>\n\t\t\t\t<div class=\"elementor-element elementor-element-82283db elementor-widget elementor-widget-testimonial\" data-id=\"82283db\" data-element_type=\"widget\" data-widget_type=\"testimonial.default\">\n\t\t\t\t<div class=\"elementor-widget-container\">\n\t\t\t\t\t\t\t<div class=\"elementor-testimonial-wrapper\">\n\t\t\t\t\t\t\t<div class=\"elementor-testimonial-content\">\u201eA f\u00e1nak megvan a maga ritmusa \u2013 mi csak k\u00f6vetj\u00fck.\u201d<\/div>\n\t\t\t\n\t\t\t\t\t\t<div class=\"elementor-testimonial-meta elementor-has-image elementor-testimonial-image-position-aside\">\n\t\t\t\t<div class=\"elementor-testimonial-meta-inner\">\n\t\t\t\t\t\t\t\t\t\t\t<div class=\"elementor-testimonial-image\">\n\t\t\t\t\t\t\t<img fetchpriority=\"high\" decoding=\"async\" width=\"600\" height=\"600\" src=\"https:\/\/levelnow.shop\/wp-content\/uploads\/2026\/01\/my-project-page-1-1-e1768310313446.png\" class=\"attachment-full size-full wp-image-2173\" alt=\"my project page 1 (1)\" title=\"M\u00e1rk\u00e1r\u00f3l\" srcset=\"https:\/\/levelnow.shop\/wp-content\/uploads\/2026\/01\/my-project-page-1-1-e1768310313446.png 600w, https:\/\/levelnow.shop\/wp-content\/uploads\/2026\/01\/my-project-page-1-1-e1768310313446-300x300.png 300w, https:\/\/levelnow.shop\/wp-content\/uploads\/2026\/01\/my-project-page-1-1-e1768310313446-150x150.png 150w, https:\/\/levelnow.shop\/wp-content\/uploads\/2026\/01\/my-project-page-1-1-e1768310313446-12x12.png 12w, https:\/\/levelnow.shop\/wp-content\/uploads\/2026\/01\/my-project-page-1-1-e1768310313446-100x100.png 100w, https:\/\/levelnow.shop\/wp-content\/uploads\/2026\/01\/my-project-page-1-1-e1768310313446-50x50.png 50w\" sizes=\"(max-width: 600px) 100vw, 600px\" \/>\t\t\t\t\t\t<\/div>\n\t\t\t\t\t\n\t\t\t\t\t\t\t\t\t\t<div class=\"elementor-testimonial-details\">\n\t\t\t\t\t\t\t\t\t\t\t\t\t\t<div class=\"elementor-testimonial-name\">M\u00e1t\u00e9 Orot<\/div>\n\t\t\t\t\t\t\t\t\t\t\t\t\t\t\t\t\t\t\t\t\t\t<div class=\"elementor-testimonial-job\">Founder, Owner<\/div>\n\t\t\t\t\t\t\t\t\t\t\t\t\t<\/div>\n\t\t\t\t\t\t\t\t\t<\/div>\n\t\t\t<\/div>\n\t\t\t\t\t<\/div>\n\t\t\t\t\t\t<\/div>\n\t\t\t\t<\/div>\n\t\t\t\t<\/div>\n\t\t\t\t<\/div>\n\t\t\t\t<div class=\"elementor-element elementor-element-47a50b3 gallery-spacing-custom elementor-widget elementor-widget-image-gallery\" data-id=\"47a50b3\" data-element_type=\"widget\" data-widget_type=\"image-gallery.default\">\n\t\t\t\t<div class=\"elementor-widget-container\">\n\t\t\t\t\t\t\t<div class=\"elementor-image-gallery\">\n\t\t\t\t\t<\/div>\n\t\t\t\t\t\t<\/div>\n\t\t\t\t<\/div>\n\t\t\t\t<\/div>\n\t\t\t\t\t<\/div>\n\t\t\t\t<\/div>\n\t\t\t\t<\/div>","protected":false},"excerpt":{"rendered":"<p>About Crafting Design for Over 36 Years For more than three decades, we\u2019ve been shaping wood with passion, precision, and respect for the material itself. What started as a traditional woodworking workshop has evolved into a design-focused brand \u2014 creating sculptural floating shelves that bring warmth, texture, and movement into modern spaces. Each piece we [&hellip;]<\/p>","protected":false},"author":1,"featured_media":0,"parent":0,"menu_order":0,"comment_status":"closed","ping_status":"closed","template":"","meta":{"om_disable_all_campaigns":false,"_monsterinsights_skip_tracking":false,"_monsterinsights_sitenote_active":false,"_monsterinsights_sitenote_note":"","_monsterinsights_sitenote_category":0,"_uf_show_specific_survey":0,"_uf_disable_surveys":false,"site-sidebar-layout":"no-sidebar","site-content-layout":"page-builder","ast-site-content-layout":"full-width-container","site-content-style":"unboxed","site-sidebar-style":"unboxed","ast-global-header-display":"","ast-banner-title-visibility":"","ast-main-header-display":"","ast-hfb-above-header-display":"","ast-hfb-below-header-display":"","ast-hfb-mobile-header-display":"","site-post-title":"disabled","ast-breadcrumbs-content":"disabled","ast-featured-img":"disabled","footer-sml-layout":"","theme-transparent-header-meta":"default","adv-header-id-meta":"","stick-header-meta":"","header-above-stick-meta":"","header-main-stick-meta":"","header-below-stick-meta":"","astra-migrate-meta-layouts":"set","ast-page-background-enabled":"default","ast-page-background-meta":{"desktop":{"background-color":"var(--ast-global-color-4)","background-image":"","background-repeat":"repeat","background-position":"center center","background-size":"auto","background-attachment":"scroll","background-type":"","background-media":"","overlay-type":"","overlay-color":"","overlay-opacity":"","overlay-gradient":""},"tablet":{"background-color":"","background-image":"","background-repeat":"repeat","background-position":"center center","background-size":"auto","background-attachment":"scroll","background-type":"","background-media":"","overlay-type":"","overlay-color":"","overlay-opacity":"","overlay-gradient":""},"mobile":{"background-color":"","background-image":"","background-repeat":"repeat","background-position":"center center","background-size":"auto","background-attachment":"scroll","background-type":"","background-media":"","overlay-type":"","overlay-color":"","overlay-opacity":"","overlay-gradient":""}},"ast-content-background-meta":{"desktop":{"background-color":"var(--ast-global-color-5)","background-image":"","background-repeat":"repeat","background-position":"center center","background-size":"auto","background-attachment":"scroll","background-type":"","background-media":"","overlay-type":"","overlay-color":"","overlay-opacity":"","overlay-gradient":""},"tablet":{"background-color":"var(--ast-global-color-5)","background-image":"","background-repeat":"repeat","background-position":"center center","background-size":"auto","background-attachment":"scroll","background-type":"","background-media":"","overlay-type":"","overlay-color":"","overlay-opacity":"","overlay-gradient":""},"mobile":{"background-color":"var(--ast-global-color-5)","background-image":"","background-repeat":"repeat","background-position":"center center","background-size":"auto","background-attachment":"scroll","background-type":"","background-media":"","overlay-type":"","overlay-color":"","overlay-opacity":"","overlay-gradient":""}},"footnotes":""},"class_list":["post-252","page","type-page","status-publish","hentry"],"aioseo_notices":[],"_hostinger_reach_plugin_has_subscription_block":false,"_hostinger_reach_plugin_is_elementor":false,"jetpack_sharing_enabled":true,"_links":{"self":[{"href":"https:\/\/levelnow.shop\/hu\/wp-json\/wp\/v2\/pages\/252","targetHints":{"allow":["GET"]}}],"collection":[{"href":"https:\/\/levelnow.shop\/hu\/wp-json\/wp\/v2\/pages"}],"about":[{"href":"https:\/\/levelnow.shop\/hu\/wp-json\/wp\/v2\/types\/page"}],"author":[{"embeddable":true,"href":"https:\/\/levelnow.shop\/hu\/wp-json\/wp\/v2\/users\/1"}],"replies":[{"embeddable":true,"href":"https:\/\/levelnow.shop\/hu\/wp-json\/wp\/v2\/comments?post=252"}],"version-history":[{"count":35,"href":"https:\/\/levelnow.shop\/hu\/wp-json\/wp\/v2\/pages\/252\/revisions"}],"predecessor-version":[{"id":2686,"href":"https:\/\/levelnow.shop\/hu\/wp-json\/wp\/v2\/pages\/252\/revisions\/2686"}],"wp:attachment":[{"href":"https:\/\/levelnow.shop\/hu\/wp-json\/wp\/v2\/media?parent=252"}],"curies":[{"name":"wp","href":"https:\/\/api.w.org\/{rel}","templated":true}]}}