{"id":2156,"date":"2026-01-09T17:46:44","date_gmt":"2026-01-09T17:46:44","guid":{"rendered":"https:\/\/levelnow.shop\/?page_id=2156"},"modified":"2026-01-15T09:42:05","modified_gmt":"2026-01-15T09:42:05","slug":"imprint","status":"publish","type":"page","link":"https:\/\/levelnow.shop\/hu\/imprint\/","title":{"rendered":"Impresszum"},"content":{"rendered":"<div data-elementor-type=\"wp-page\" data-elementor-id=\"2156\" class=\"elementor elementor-2156\">\n\t\t\t\t<div class=\"elementor-element elementor-element-086921e e-flex e-con-boxed e-con e-parent\" data-id=\"086921e\" data-element_type=\"container\">\n\t\t\t\t\t<div class=\"e-con-inner\">\n\t\t<div class=\"elementor-element elementor-element-beaef1f e-con-full e-flex e-con e-child\" data-id=\"beaef1f\" data-element_type=\"container\" data-settings=\"{&quot;background_background&quot;:&quot;classic&quot;}\">\n\t\t\t\t<div class=\"elementor-element elementor-element-52c8594 elementor-widget elementor-widget-text-editor\" data-id=\"52c8594\" data-element_type=\"widget\" data-widget_type=\"text-editor.default\">\n\t\t\t\t<div class=\"elementor-widget-container\">\n\t\t\t\t\t\t\t\t\t<h1 data-start=\"153\" data-end=\"165\">Impresszum<\/h1><p data-start=\"167\" data-end=\"212\"><strong data-start=\"167\" data-end=\"212\">A weboldalt \u00fczemeltet\u0151 szolg\u00e1ltat\u00f3 adatai<\/strong><\/p><p data-start=\"214\" data-end=\"442\"><strong data-start=\"214\" data-end=\"225\">C\u00e9gn\u00e9v:<\/strong> HETZMANN Kft.<br data-start=\"239\" data-end=\"242\" \/><strong data-start=\"242\" data-end=\"255\">Sz\u00e9khely:<\/strong> 2921 Kom\u00e1rom, Nefelejcs utca 11.<br data-start=\"288\" data-end=\"291\" \/><strong data-start=\"291\" data-end=\"335\">Levelez\u00e9si c\u00edm \/ panasz\u00fcgyint\u00e9z\u00e9s helye:<\/strong> 2921 Kom\u00e1rom, Nefelejcs utca 11.<br data-start=\"368\" data-end=\"371\" \/><strong data-start=\"371\" data-end=\"386\">E-mail c\u00edm:<\/strong> <a class=\"decorated-link cursor-pointer\" rel=\"noopener\" data-start=\"387\" data-end=\"405\">info@levelnow.shop<\/a><br data-start=\"405\" data-end=\"408\" \/><strong data-start=\"408\" data-end=\"424\">Telefonsz\u00e1m:<\/strong> +36 30 556 0270<\/p><p data-start=\"444\" data-end=\"582\"><strong data-start=\"444\" data-end=\"463\">C\u00e9gjegyz\u00e9ksz\u00e1m:<\/strong> 11-09-002670<br data-start=\"476\" data-end=\"479\" \/><strong data-start=\"479\" data-end=\"491\">Ad\u00f3sz\u00e1m:<\/strong> 11183501-2-11<br data-start=\"505\" data-end=\"508\" \/><strong data-start=\"508\" data-end=\"545\">C\u00e9gnyilv\u00e1ntart\u00e1st vezet\u0151 b\u00edr\u00f3s\u00e1g:<\/strong> Tatab\u00e1nyai T\u00f6rv\u00e9nysz\u00e9k C\u00e9gb\u00edr\u00f3s\u00e1ga<\/p><p data-start=\"584\" data-end=\"647\"><strong data-start=\"584\" data-end=\"607\">A szerz\u0151d\u00e9s nyelve:<\/strong> magyar<br data-start=\"614\" data-end=\"617\" \/><strong data-start=\"617\" data-end=\"634\">Ir\u00e1nyad\u00f3 jog:<\/strong> magyar jog<\/p><hr data-start=\"649\" data-end=\"652\" \/><h2 data-start=\"654\" data-end=\"682\">T\u00e1rhelyszolg\u00e1ltat\u00f3 adatai<\/h2><p data-start=\"684\" data-end=\"860\"><strong data-start=\"684\" data-end=\"692\">N\u00e9v:<\/strong> Hostinger International Ltd.<br data-start=\"721\" data-end=\"724\" \/><strong data-start=\"724\" data-end=\"737\">Sz\u00e9khely:<\/strong> 61 Lordou Vironos Street, 6023 Larnaca, Cyprus<br data-start=\"784\" data-end=\"787\" \/><strong data-start=\"787\" data-end=\"798\">E-mail:<\/strong> <a class=\"decorated-link cursor-pointer\" rel=\"noopener\" data-start=\"799\" data-end=\"817\">gdpr@hostinger.com<\/a><br data-start=\"817\" data-end=\"820\" \/><strong data-start=\"820\" data-end=\"833\">Weboldal:<\/strong> <a class=\"decorated-link\" href=\"https:\/\/www.hostinger.hu\" target=\"_new\" rel=\"noopener\" data-start=\"834\" data-end=\"858\">https:\/\/www.hostinger.hu<\/a><\/p><hr data-start=\"862\" data-end=\"865\" \/><h2 data-start=\"867\" data-end=\"886\">Jogi nyilatkozat<\/h2><p data-start=\"888\" data-end=\"1213\">A <a class=\"decorated-link\" href=\"https:\/\/levelnow.shop\/hu\/\" target=\"_new\" rel=\"noopener\" data-start=\"890\" data-end=\"911\">https:\/\/levelnow.shop<\/a> weboldalon tal\u00e1lhat\u00f3 tartalmak, k\u00e9pek, sz\u00f6vegek \u00e9s egy\u00e9b anyagok szerz\u0151i jogi v\u00e9delem alatt \u00e1llnak.<br data-start=\"1011\" data-end=\"1014\" \/>A tartalmak felhaszn\u00e1l\u00e1sa kiz\u00e1r\u00f3lag a Szolg\u00e1ltat\u00f3 el\u0151zetes \u00edr\u00e1sos enged\u00e9ly\u00e9vel lehets\u00e9ges, kiv\u00e9ve a jogi dokumentumokat (\u00c1SZF, Adatkezel\u00e9si t\u00e1j\u00e9koztat\u00f3), amelyek szabadon let\u00f6lthet\u0151k \u00e9s meg\u0151rizhet\u0151k.<\/p><hr data-start=\"1215\" data-end=\"1218\" \/><h2 data-start=\"1220\" data-end=\"1240\">Jogi dokumentumok<\/h2><p data-start=\"1242\" data-end=\"1316\"><strong data-start=\"1242\" data-end=\"1285\">\u00c1ltal\u00e1nos Szerz\u0151d\u00e9si Felt\u00e9telek (\u00c1SZF):<\/strong><br data-start=\"1285\" data-end=\"1288\" \/><a class=\"decorated-link cursor-pointer\" target=\"_new\" rel=\"noopener\" data-start=\"1288\" data-end=\"1314\">https:\/\/levelnow.shop\/aszf<\/a><\/p><p data-start=\"1318\" data-end=\"1385\"><strong data-start=\"1318\" data-end=\"1347\">Adatkezel\u00e9si t\u00e1j\u00e9koztat\u00f3:<\/strong><br data-start=\"1347\" data-end=\"1350\" \/><a class=\"decorated-link cursor-pointer\" target=\"_new\" rel=\"noopener\" data-start=\"1350\" data-end=\"1383\">https:\/\/levelnow.shop\/adatvedelem<\/a><\/p><hr data-start=\"1387\" data-end=\"1390\" \/><h2 data-start=\"1392\" data-end=\"1411\">Fogyaszt\u00f3v\u00e9delem<\/h2><p data-start=\"1413\" data-end=\"1521\">Amennyiben a V\u00e1s\u00e1rl\u00f3nak fogyaszt\u00f3i panasza mer\u00fcl fel, azt els\u0151sorban a Szolg\u00e1ltat\u00f3 el\u00e9rhet\u0151s\u00e9gein jelezheti.<\/p><p data-start=\"1523\" data-end=\"1605\">Ha a panasz b\u00e9k\u00e9s \u00faton nem rendezhet\u0151, a Fogyaszt\u00f3 az al\u00e1bbi hat\u00f3s\u00e1ghoz fordulhat:<\/p><p data-start=\"1607\" data-end=\"1762\"><strong data-start=\"1607\" data-end=\"1636\">Fogyaszt\u00f3v\u00e9delmi hat\u00f3s\u00e1g:<\/strong><br data-start=\"1636\" data-end=\"1639\" \/>A fogyaszt\u00f3v\u00e9delmi hat\u00f3s\u00e1gi \u00fcgyekben a korm\u00e1nyhivatal j\u00e1r el.<br data-start=\"1700\" data-end=\"1703\" \/>El\u00e9rhet\u0151s\u00e9g: <a class=\"decorated-link\" href=\"https:\/\/kormanyhivatalok.hu\/kormanyhivatalok\" target=\"_new\" rel=\"noopener\" data-start=\"1716\" data-end=\"1760\">https:\/\/kormanyhivatalok.hu\/kormanyhivatalok<\/a><\/p><hr data-start=\"1764\" data-end=\"1767\" \/><h2 data-start=\"1769\" data-end=\"1790\">B\u00e9k\u00e9ltet\u0151 test\u00fclet<\/h2><p data-start=\"1792\" data-end=\"1886\">A fogyaszt\u00f3i jogvita b\u00edr\u00f3s\u00e1gon k\u00edv\u00fcli rendez\u00e9s\u00e9re a Fogyaszt\u00f3 b\u00e9k\u00e9ltet\u0151 test\u00fclethez fordulhat.<\/p><p data-start=\"1888\" data-end=\"2123\"><strong data-start=\"1888\" data-end=\"1921\">Illet\u00e9kes b\u00e9k\u00e9ltet\u0151 test\u00fclet:<\/strong><br data-start=\"1921\" data-end=\"1924\" \/>Fej\u00e9r V\u00e1rmegyei B\u00e9k\u00e9ltet\u0151 Test\u00fclet<br data-start=\"1958\" data-end=\"1961\" \/><strong data-start=\"1961\" data-end=\"1969\">C\u00edm:<\/strong> 8000 Sz\u00e9kesfeh\u00e9rv\u00e1r, Hossz\u00fas\u00e9ta t\u00e9r 4\u20136.<br data-start=\"2010\" data-end=\"2013\" \/><strong data-start=\"2013\" data-end=\"2025\">Telefon:<\/strong> +36 22 510 310<br data-start=\"2040\" data-end=\"2043\" \/><strong data-start=\"2043\" data-end=\"2054\">E-mail:<\/strong> <a class=\"decorated-link cursor-pointer\" rel=\"noopener\" data-start=\"2055\" data-end=\"2074\">bekeltetes@fmkik.hu<\/a><br data-start=\"2074\" data-end=\"2077\" \/><strong data-start=\"2077\" data-end=\"2090\">Weboldal:<\/strong> <a class=\"decorated-link\" href=\"https:\/\/www.bekeltetesfejer.hu\" target=\"_new\" rel=\"noopener\" data-start=\"2091\" data-end=\"2121\">https:\/\/www.bekeltetesfejer.hu<\/a><\/p><p data-start=\"2125\" data-end=\"2215\">A Szolg\u00e1ltat\u00f3 nem tett \u00e1ltal\u00e1nos al\u00e1vet\u00e9si nyilatkozatot a b\u00e9k\u00e9ltet\u0151 test\u00fcleti elj\u00e1r\u00e1sban.<\/p><hr data-start=\"2217\" data-end=\"2220\" \/><h2 data-start=\"2222\" data-end=\"2250\">Online vitarendez\u00e9s (ODR)<\/h2><p data-start=\"2252\" data-end=\"2370\">Az Eur\u00f3pai Bizotts\u00e1g online vitarendez\u00e9si platformja el\u00e9rhet\u0151 az al\u00e1bbi linken:<br data-start=\"2331\" data-end=\"2334\" \/><a class=\"decorated-link cursor-pointer\" target=\"_new\" rel=\"noopener\" data-start=\"2334\" data-end=\"2368\">https:\/\/ec.europa.eu\/consumers\/odr<\/a><\/p><p data-start=\"2372\" data-end=\"2507\">Az ODR platform lehet\u0151s\u00e9get biztos\u00edt arra, hogy a Fogyaszt\u00f3 online v\u00e1s\u00e1rl\u00e1ssal kapcsolatos jogvit\u00e1j\u00e1t b\u00edr\u00f3s\u00e1gi elj\u00e1r\u00e1s n\u00e9lk\u00fcl rendezze.<\/p><hr data-start=\"2509\" data-end=\"2512\" \/><p data-start=\"2514\" data-end=\"2552\"><strong data-start=\"2514\" data-end=\"2535\">Utols\u00f3 friss\u00edt\u00e9s:<\/strong> 2026. janu\u00e1r 12.<\/p>\t\t\t\t\t\t\t\t<\/div>\n\t\t\t\t<\/div>\n\t\t\t\t<\/div>\n\t\t\t\t\t<\/div>\n\t\t\t\t<\/div>\n\t\t\t\t<\/div>","protected":false},"excerpt":{"rendered":"<p>Impresszum A weboldalt \u00fczemeltet\u0151 szolg\u00e1ltat\u00f3 adatai C\u00e9gn\u00e9v: HETZMANN Kft.Sz\u00e9khely: 2921 Kom\u00e1rom, Nefelejcs utca 11.Levelez\u00e9si c\u00edm \/ panasz\u00fcgyint\u00e9z\u00e9s helye: 2921 Kom\u00e1rom, Nefelejcs utca 11.E-mail c\u00edm: info@levelnow.shopTelefonsz\u00e1m: +36 30 556 0270 C\u00e9gjegyz\u00e9ksz\u00e1m: 11-09-002670Ad\u00f3sz\u00e1m: 11183501-2-11C\u00e9gnyilv\u00e1ntart\u00e1st vezet\u0151 b\u00edr\u00f3s\u00e1g: Tatab\u00e1nyai T\u00f6rv\u00e9nysz\u00e9k C\u00e9gb\u00edr\u00f3s\u00e1ga A szerz\u0151d\u00e9s nyelve: magyarIr\u00e1nyad\u00f3 jog: magyar jog T\u00e1rhelyszolg\u00e1ltat\u00f3 adatai N\u00e9v: Hostinger International Ltd.Sz\u00e9khely: 61 Lordou Vironos Street, 6023 [&hellip;]<\/p>","protected":false},"author":1,"featured_media":0,"parent":0,"menu_order":0,"comment_status":"closed","ping_status":"closed","template":"","meta":{"om_disable_all_campaigns":false,"_monsterinsights_skip_tracking":false,"_monsterinsights_sitenote_active":false,"_monsterinsights_sitenote_note":"","_monsterinsights_sitenote_category":0,"_uf_show_specific_survey":0,"_uf_disable_surveys":false,"site-sidebar-layout":"no-sidebar","site-content-layout":"page-builder","ast-site-content-layout":"full-width-container","site-content-style":"default","site-sidebar-style":"default","ast-global-header-display":"","ast-banner-title-visibility":"","ast-main-header-display":"","ast-hfb-above-header-display":"","ast-hfb-below-header-display":"","ast-hfb-mobile-header-display":"","site-post-title":"disabled","ast-breadcrumbs-content":"","ast-featured-img":"disabled","footer-sml-layout":"","theme-transparent-header-meta":"","adv-header-id-meta":"","stick-header-meta":"","header-above-stick-meta":"","header-main-stick-meta":"","header-below-stick-meta":"","astra-migrate-meta-layouts":"set","ast-page-background-enabled":"default","ast-page-background-meta":{"desktop":{"background-color":"var(--ast-global-color-4)","background-image":"","background-repeat":"repeat","background-position":"center center","background-size":"auto","background-attachment":"scroll","background-type":"","background-media":"","overlay-type":"","overlay-color":"","overlay-opacity":"","overlay-gradient":""},"tablet":{"background-color":"","background-image":"","background-repeat":"repeat","background-position":"center center","background-size":"auto","background-attachment":"scroll","background-type":"","background-media":"","overlay-type":"","overlay-color":"","overlay-opacity":"","overlay-gradient":""},"mobile":{"background-color":"","background-image":"","background-repeat":"repeat","background-position":"center center","background-size":"auto","background-attachment":"scroll","background-type":"","background-media":"","overlay-type":"","overlay-color":"","overlay-opacity":"","overlay-gradient":""}},"ast-content-background-meta":{"desktop":{"background-color":"var(--ast-global-color-5)","background-image":"","background-repeat":"repeat","background-position":"center center","background-size":"auto","background-attachment":"scroll","background-type":"","background-media":"","overlay-type":"","overlay-color":"","overlay-opacity":"","overlay-gradient":""},"tablet":{"background-color":"var(--ast-global-color-5)","background-image":"","background-repeat":"repeat","background-position":"center center","background-size":"auto","background-attachment":"scroll","background-type":"","background-media":"","overlay-type":"","overlay-color":"","overlay-opacity":"","overlay-gradient":""},"mobile":{"background-color":"var(--ast-global-color-5)","background-image":"","background-repeat":"repeat","background-position":"center center","background-size":"auto","background-attachment":"scroll","background-type":"","background-media":"","overlay-type":"","overlay-color":"","overlay-opacity":"","overlay-gradient":""}},"footnotes":""},"class_list":["post-2156","page","type-page","status-publish","hentry"],"aioseo_notices":[],"_hostinger_reach_plugin_has_subscription_block":false,"_hostinger_reach_plugin_is_elementor":false,"jetpack_sharing_enabled":true,"_links":{"self":[{"href":"https:\/\/levelnow.shop\/hu\/wp-json\/wp\/v2\/pages\/2156","targetHints":{"allow":["GET"]}}],"collection":[{"href":"https:\/\/levelnow.shop\/hu\/wp-json\/wp\/v2\/pages"}],"about":[{"href":"https:\/\/levelnow.shop\/hu\/wp-json\/wp\/v2\/types\/page"}],"author":[{"embeddable":true,"href":"https:\/\/levelnow.shop\/hu\/wp-json\/wp\/v2\/users\/1"}],"replies":[{"embeddable":true,"href":"https:\/\/levelnow.shop\/hu\/wp-json\/wp\/v2\/comments?post=2156"}],"version-history":[{"count":16,"href":"https:\/\/levelnow.shop\/hu\/wp-json\/wp\/v2\/pages\/2156\/revisions"}],"predecessor-version":[{"id":2692,"href":"https:\/\/levelnow.shop\/hu\/wp-json\/wp\/v2\/pages\/2156\/revisions\/2692"}],"wp:attachment":[{"href":"https:\/\/levelnow.shop\/hu\/wp-json\/wp\/v2\/media?parent=2156"}],"curies":[{"name":"wp","href":"https:\/\/api.w.org\/{rel}","templated":true}]}}